{"id":32,"date":"2026-01-12T18:35:57","date_gmt":"2026-01-12T17:35:57","guid":{"rendered":"https:\/\/lasomotorsport.cz\/?page_id=32"},"modified":"2026-03-17T16:24:09","modified_gmt":"2026-03-17T15:24:09","slug":"domu","status":"publish","type":"page","link":"https:\/\/lasomotorsport.cz\/","title":{"rendered":"Dom\u016f"},"content":{"rendered":"\t\t<div data-elementor-type=\"wp-page\" data-elementor-id=\"32\" class=\"elementor elementor-32\" data-elementor-post-type=\"page\">\n\t\t\t\t<div class=\"elementor-element elementor-element-a3d068d e-flex e-con-boxed e-con e-parent\" data-id=\"a3d068d\" data-element_type=\"container\" data-settings=\"{&quot;background_background&quot;:&quot;slideshow&quot;,&quot;background_slideshow_gallery&quot;:[{&quot;id&quot;:15,&quot;url&quot;:&quot;https:\\\/\\\/lasomotorsport.cz\\\/wp-content\\\/uploads\\\/2025\\\/09\\\/laso_-44-scaled.jpg&quot;},{&quot;id&quot;:14,&quot;url&quot;:&quot;https:\\\/\\\/lasomotorsport.cz\\\/wp-content\\\/uploads\\\/2025\\\/09\\\/laso_-35-scaled.jpg&quot;},{&quot;id&quot;:12,&quot;url&quot;:&quot;https:\\\/\\\/lasomotorsport.cz\\\/wp-content\\\/uploads\\\/2025\\\/09\\\/laso_-20-scaled.jpg&quot;},{&quot;id&quot;:9,&quot;url&quot;:&quot;https:\\\/\\\/lasomotorsport.cz\\\/wp-content\\\/uploads\\\/2025\\\/09\\\/laso_-09-scaled.jpg&quot;},{&quot;id&quot;:11,&quot;url&quot;:&quot;https:\\\/\\\/lasomotorsport.cz\\\/wp-content\\\/uploads\\\/2025\\\/09\\\/laso_-18-scaled.jpg&quot;},{&quot;id&quot;:13,&quot;url&quot;:&quot;https:\\\/\\\/lasomotorsport.cz\\\/wp-content\\\/uploads\\\/2025\\\/09\\\/laso_-33-scaled.jpg&quot;},{&quot;id&quot;:10,&quot;url&quot;:&quot;https:\\\/\\\/lasomotorsport.cz\\\/wp-content\\\/uploads\\\/2025\\\/09\\\/laso_-11-scaled.jpg&quot;}],&quot;background_slideshow_ken_burns&quot;:&quot;yes&quot;,&quot;background_slideshow_loop&quot;:&quot;yes&quot;,&quot;background_slideshow_slide_duration&quot;:5000,&quot;background_slideshow_slide_transition&quot;:&quot;fade&quot;,&quot;background_slideshow_transition_duration&quot;:500,&quot;background_slideshow_ken_burns_zoom_direction&quot;:&quot;in&quot;}\">\n\t\t\t\t\t<div class=\"e-con-inner\">\n\t\t\t\t<div class=\"elementor-element elementor-element-3fe93f4 elementor-invisible elementor-widget elementor-widget-image\" data-id=\"3fe93f4\" data-element_type=\"widget\" data-settings=\"{&quot;_animation&quot;:&quot;fadeInDown&quot;}\" data-widget_type=\"image.default\">\n\t\t\t\t\t\t\t\t\t\t\t\t\t\t\t<img fetchpriority=\"high\" decoding=\"async\" width=\"1024\" height=\"256\" src=\"https:\/\/lasomotorsport.cz\/wp-content\/uploads\/2025\/09\/LASO-Motorsport-Logo-inverzni-1024x256.png\" class=\"attachment-large size-large wp-image-16\" alt=\"\" srcset=\"https:\/\/lasomotorsport.cz\/wp-content\/uploads\/2025\/09\/LASO-Motorsport-Logo-inverzni-1024x256.png 1024w, https:\/\/lasomotorsport.cz\/wp-content\/uploads\/2025\/09\/LASO-Motorsport-Logo-inverzni-300x75.png 300w, https:\/\/lasomotorsport.cz\/wp-content\/uploads\/2025\/09\/LASO-Motorsport-Logo-inverzni-768x192.png 768w, https:\/\/lasomotorsport.cz\/wp-content\/uploads\/2025\/09\/LASO-Motorsport-Logo-inverzni-1536x384.png 1536w, https:\/\/lasomotorsport.cz\/wp-content\/uploads\/2025\/09\/LASO-Motorsport-Logo-inverzni.png 2000w\" sizes=\"(max-width: 1024px) 100vw, 1024px\" \/>\t\t\t\t\t\t\t\t\t\t\t\t\t\t\t<\/div>\n\t\t\t\t<div class=\"elementor-element elementor-element-1778578 elementor-widget elementor-widget-image\" data-id=\"1778578\" data-element_type=\"widget\" data-widget_type=\"image.default\">\n\t\t\t\t\t\t\t\t\t\t\t\t\t\t\t<img decoding=\"async\" width=\"1024\" height=\"519\" src=\"https:\/\/lasomotorsport.cz\/wp-content\/uploads\/2026\/03\/laso-moto-1024x519.png\" class=\"attachment-large size-large wp-image-128\" alt=\"\" srcset=\"https:\/\/lasomotorsport.cz\/wp-content\/uploads\/2026\/03\/laso-moto-1024x519.png 1024w, https:\/\/lasomotorsport.cz\/wp-content\/uploads\/2026\/03\/laso-moto-300x152.png 300w, https:\/\/lasomotorsport.cz\/wp-content\/uploads\/2026\/03\/laso-moto-768x389.png 768w, https:\/\/lasomotorsport.cz\/wp-content\/uploads\/2026\/03\/laso-moto.png 1362w\" sizes=\"(max-width: 1024px) 100vw, 1024px\" \/>\t\t\t\t\t\t\t\t\t\t\t\t\t\t\t<\/div>\n\t\t\t\t<div class=\"elementor-element elementor-element-75ca4ad elementor-widget elementor-widget-heading\" data-id=\"75ca4ad\" data-element_type=\"widget\" data-widget_type=\"heading.default\">\n\t\t\t\t\t<h2 class=\"elementor-heading-title elementor-size-default\">Autoservis | Pneuservis | \u010ci\u0161t\u011bn\u00ed interi\u00e9ru vozidel<\/h2>\t\t\t\t<\/div>\n\t\t\t\t<div class=\"elementor-element elementor-element-705fc69 elementor-widget elementor-widget-heading\" data-id=\"705fc69\" data-element_type=\"widget\" data-widget_type=\"heading.default\">\n\t\t\t\t\t<h2 class=\"elementor-heading-title elementor-size-default\">P\u016fj\u010dovna dod\u00e1vek | Autodoprava | Zemn\u00ed pr\u00e1ce<\/h2>\t\t\t\t<\/div>\n\t\t\t\t<div class=\"elementor-element elementor-element-0a81c5a elementor-widget elementor-widget-heading\" data-id=\"0a81c5a\" data-element_type=\"widget\" data-widget_type=\"heading.default\">\n\t\t\t\t\t<h2 class=\"elementor-heading-title elementor-size-default\">\u00dapravy z\u00e1vodn\u00edch voz\u016f a chiptuning | Reklamn\u00ed a celoplo\u0161n\u00e9 polepy vozidel<\/h2>\t\t\t\t<\/div>\n\t\t<div class=\"elementor-element elementor-element-5c7ff88 e-con-full elementor-hidden-desktop elementor-hidden-tablet elementor-hidden-mobile e-flex e-con e-child\" data-id=\"5c7ff88\" data-element_type=\"container\" data-settings=\"{&quot;background_background&quot;:&quot;classic&quot;}\">\n\t\t<div class=\"elementor-element elementor-element-5c478c4 e-con-full e-flex e-con e-child\" data-id=\"5c478c4\" data-element_type=\"container\" data-settings=\"{&quot;background_background&quot;:&quot;classic&quot;}\">\n\t\t\t\t<div class=\"elementor-element elementor-element-b7353e8 elementor-widget elementor-widget-text-editor\" data-id=\"b7353e8\" data-element_type=\"widget\" data-widget_type=\"text-editor.default\">\n\t\t\t\t\t\t\t\t\t<h1>V\u00fdsledky zimn\u00ed hobby rallye 2026<\/h1><h2>24. 1. 2026<\/h2><p>Dal\u0161\u00ed kolo z\u00e1vod\u016f bude v p\u0159\u00edpad\u011b p\u0159\u00edzniv\u00fdch podm\u00ednek ozn\u00e1meno. V sobotu 31. 1. 2026 se z\u00e1vod nekon\u00e1.<\/p>\t\t\t\t\t\t\t\t<\/div>\n\t\t<div class=\"elementor-element elementor-element-dcc3c71 e-con-full e-flex e-con e-child\" data-id=\"dcc3c71\" data-element_type=\"container\">\n\t\t\t\t<div class=\"elementor-element elementor-element-ff0f4f2 glow-btn elementor-widget elementor-widget-button\" data-id=\"ff0f4f2\" data-element_type=\"widget\" data-widget_type=\"button.default\">\n\t\t\t\t\t\t\t\t\t\t<a class=\"elementor-button elementor-button-link elementor-size-sm\" href=\"https:\/\/myresult.cz\/results\/g-live.html?f=.\/clax\/000243\/000243.clax\" target=\"_blank\">\n\t\t\t\t\t\t<span class=\"elementor-button-content-wrapper\">\n\t\t\t\t\t\t\t\t\t<span class=\"elementor-button-text\">Zobrazit v\u00fdsledky<\/span>\n\t\t\t\t\t<\/span>\n\t\t\t\t\t<\/a>\n\t\t\t\t\t\t\t\t<\/div>\n\t\t\t\t<div class=\"elementor-element elementor-element-137e53c glow-btn elementor-widget elementor-widget-button\" data-id=\"137e53c\" data-element_type=\"widget\" data-widget_type=\"button.default\">\n\t\t\t\t\t\t\t\t\t\t<a class=\"elementor-button elementor-button-link elementor-size-sm\" href=\"https:\/\/www.facebook.com\/lasomotorsport\/\" target=\"_blank\">\n\t\t\t\t\t\t<span class=\"elementor-button-content-wrapper\">\n\t\t\t\t\t\t\t\t\t<span class=\"elementor-button-text\">Sledovat na facebooku<\/span>\n\t\t\t\t\t<\/span>\n\t\t\t\t\t<\/a>\n\t\t\t\t\t\t\t\t<\/div>\n\t\t\t\t<\/div>\n\t\t\t\t<\/div>\n\t\t\t\t<div class=\"elementor-element elementor-element-7d90aaa elementor-widget elementor-widget-heading\" data-id=\"7d90aaa\" data-element_type=\"widget\" data-widget_type=\"heading.default\">\n\t\t\t\t\t<h3 class=\"elementor-heading-title elementor-size-default\">Kontakt na po\u0159adatele<\/h3>\t\t\t\t<\/div>\n\t\t\t\t<div class=\"elementor-element elementor-element-febcb60 elementor-icon-list--layout-traditional elementor-list-item-link-full_width elementor-widget elementor-widget-icon-list\" data-id=\"febcb60\" data-element_type=\"widget\" data-widget_type=\"icon-list.default\">\n\t\t\t\t\t\t\t<ul class=\"elementor-icon-list-items\">\n\t\t\t\t\t\t\t<li class=\"elementor-icon-list-item\">\n\t\t\t\t\t\t\t\t\t\t\t<span class=\"elementor-icon-list-icon\">\n\t\t\t\t\t\t\t<svg aria-hidden=\"true\" class=\"e-font-icon-svg e-fas-phone-alt\" viewBox=\"0 0 512 512\" xmlns=\"http:\/\/www.w3.org\/2000\/svg\"><path d=\"M497.39 361.8l-112-48a24 24 0 0 0-28 6.9l-49.6 60.6A370.66 370.66 0 0 1 130.6 204.11l60.6-49.6a23.94 23.94 0 0 0 6.9-28l-48-112A24.16 24.16 0 0 0 122.6.61l-104 24A24 24 0 0 0 0 48c0 256.5 207.9 464 464 464a24 24 0 0 0 23.4-18.6l24-104a24.29 24.29 0 0 0-14.01-27.6z\"><\/path><\/svg>\t\t\t\t\t\t<\/span>\n\t\t\t\t\t\t\t\t\t\t<span class=\"elementor-icon-list-text\">721 857 940<\/span>\n\t\t\t\t\t\t\t\t\t<\/li>\n\t\t\t\t\t\t\t\t<li class=\"elementor-icon-list-item\">\n\t\t\t\t\t\t\t\t\t\t\t<span class=\"elementor-icon-list-icon\">\n\t\t\t\t\t\t\t<svg aria-hidden=\"true\" class=\"e-font-icon-svg e-fas-envelope\" viewBox=\"0 0 512 512\" xmlns=\"http:\/\/www.w3.org\/2000\/svg\"><path d=\"M502.3 190.8c3.9-3.1 9.7-.2 9.7 4.7V400c0 26.5-21.5 48-48 48H48c-26.5 0-48-21.5-48-48V195.6c0-5 5.7-7.8 9.7-4.7 22.4 17.4 52.1 39.5 154.1 113.6 21.1 15.4 56.7 47.8 92.2 47.6 35.7.3 72-32.8 92.3-47.6 102-74.1 131.6-96.3 154-113.7zM256 320c23.2.4 56.6-29.2 73.4-41.4 132.7-96.3 142.8-104.7 173.4-128.7 5.8-4.5 9.2-11.5 9.2-18.9v-19c0-26.5-21.5-48-48-48H48C21.5 64 0 85.5 0 112v19c0 7.4 3.4 14.3 9.2 18.9 30.6 23.9 40.7 32.4 173.4 128.7 16.8 12.2 50.2 41.8 73.4 41.4z\"><\/path><\/svg>\t\t\t\t\t\t<\/span>\n\t\t\t\t\t\t\t\t\t\t<span class=\"elementor-icon-list-text\">jakub@lasomotorsport.cz<\/span>\n\t\t\t\t\t\t\t\t\t<\/li>\n\t\t\t\t\t\t<\/ul>\n\t\t\t\t\t\t<\/div>\n\t\t<div class=\"elementor-element elementor-element-705d5a1 e-con-full e-flex e-con e-child\" data-id=\"705d5a1\" data-element_type=\"container\" data-settings=\"{&quot;background_background&quot;:&quot;classic&quot;}\">\n\t\t<div class=\"elementor-element elementor-element-e983e30 e-con-full e-flex e-con e-child\" data-id=\"e983e30\" data-element_type=\"container\">\n\t\t\t\t<div class=\"elementor-element elementor-element-bd80d36 elementor-widget elementor-widget-text-editor\" data-id=\"bd80d36\" data-element_type=\"widget\" data-widget_type=\"text-editor.default\">\n\t\t\t\t\t\t\t\t\t<h2>D\u011bkujeme partner\u016fm<\/h2>\t\t\t\t\t\t\t\t<\/div>\n\t\t\t\t<\/div>\n\t\t<div class=\"elementor-element elementor-element-b402fa7 e-con-full e-flex e-con e-child\" data-id=\"b402fa7\" data-element_type=\"container\">\n\t\t\t\t<div class=\"elementor-element elementor-element-0f6ebd1 gallery-spacing-custom elementor-widget elementor-widget-image-gallery\" data-id=\"0f6ebd1\" data-element_type=\"widget\" data-widget_type=\"image-gallery.default\">\n\t\t\t\t\t\t\t<div class=\"elementor-image-gallery\">\n\t\t\t<div id='gallery-1' class='gallery galleryid-32 gallery-columns-7 gallery-size-full'><figure class='gallery-item'>\n\t\t\t<div class='gallery-icon landscape'>\n\t\t\t\t<img decoding=\"async\" width=\"600\" height=\"204\" src=\"https:\/\/lasomotorsport.cz\/wp-content\/uploads\/2026\/01\/laso.jpg\" class=\"attachment-full size-full\" alt=\"\" srcset=\"https:\/\/lasomotorsport.cz\/wp-content\/uploads\/2026\/01\/laso.jpg 600w, https:\/\/lasomotorsport.cz\/wp-content\/uploads\/2026\/01\/laso-300x102.jpg 300w\" sizes=\"(max-width: 600px) 100vw, 600px\" \/>\n\t\t\t<\/div><\/figure><figure class='gallery-item'>\n\t\t\t<div class='gallery-icon landscape'>\n\t\t\t\t<img loading=\"lazy\" decoding=\"async\" width=\"600\" height=\"209\" src=\"https:\/\/lasomotorsport.cz\/wp-content\/uploads\/2026\/01\/visi-brand.jpg\" class=\"attachment-full size-full\" alt=\"\" srcset=\"https:\/\/lasomotorsport.cz\/wp-content\/uploads\/2026\/01\/visi-brand.jpg 600w, https:\/\/lasomotorsport.cz\/wp-content\/uploads\/2026\/01\/visi-brand-300x105.jpg 300w\" sizes=\"(max-width: 600px) 100vw, 600px\" \/>\n\t\t\t<\/div><\/figure><figure class='gallery-item'>\n\t\t\t<div class='gallery-icon landscape'>\n\t\t\t\t<img loading=\"lazy\" decoding=\"async\" width=\"600\" height=\"223\" src=\"https:\/\/lasomotorsport.cz\/wp-content\/uploads\/2026\/01\/knl.jpg\" class=\"attachment-full size-full\" alt=\"\" srcset=\"https:\/\/lasomotorsport.cz\/wp-content\/uploads\/2026\/01\/knl.jpg 600w, https:\/\/lasomotorsport.cz\/wp-content\/uploads\/2026\/01\/knl-300x112.jpg 300w\" sizes=\"(max-width: 600px) 100vw, 600px\" \/>\n\t\t\t<\/div><\/figure><figure class='gallery-item'>\n\t\t\t<div class='gallery-icon landscape'>\n\t\t\t\t<img loading=\"lazy\" decoding=\"async\" width=\"600\" height=\"259\" src=\"https:\/\/lasomotorsport.cz\/wp-content\/uploads\/2026\/01\/piv-kame.jpg\" class=\"attachment-full size-full\" alt=\"\" srcset=\"https:\/\/lasomotorsport.cz\/wp-content\/uploads\/2026\/01\/piv-kame.jpg 600w, https:\/\/lasomotorsport.cz\/wp-content\/uploads\/2026\/01\/piv-kame-300x130.jpg 300w\" sizes=\"(max-width: 600px) 100vw, 600px\" \/>\n\t\t\t<\/div><\/figure><figure class='gallery-item'>\n\t\t\t<div class='gallery-icon landscape'>\n\t\t\t\t<img loading=\"lazy\" decoding=\"async\" width=\"600\" height=\"248\" src=\"https:\/\/lasomotorsport.cz\/wp-content\/uploads\/2026\/01\/urban-pneu.jpg\" class=\"attachment-full size-full\" alt=\"\" srcset=\"https:\/\/lasomotorsport.cz\/wp-content\/uploads\/2026\/01\/urban-pneu.jpg 600w, https:\/\/lasomotorsport.cz\/wp-content\/uploads\/2026\/01\/urban-pneu-300x124.jpg 300w\" sizes=\"(max-width: 600px) 100vw, 600px\" \/>\n\t\t\t<\/div><\/figure><figure class='gallery-item'>\n\t\t\t<div class='gallery-icon landscape'>\n\t\t\t\t<img loading=\"lazy\" decoding=\"async\" width=\"600\" height=\"236\" src=\"https:\/\/lasomotorsport.cz\/wp-content\/uploads\/2026\/01\/00-cora2000x.jpg\" class=\"attachment-full size-full\" alt=\"\" srcset=\"https:\/\/lasomotorsport.cz\/wp-content\/uploads\/2026\/01\/00-cora2000x.jpg 600w, https:\/\/lasomotorsport.cz\/wp-content\/uploads\/2026\/01\/00-cora2000x-300x118.jpg 300w\" sizes=\"(max-width: 600px) 100vw, 600px\" \/>\n\t\t\t<\/div><\/figure><figure class='gallery-item'>\n\t\t\t<div class='gallery-icon landscape'>\n\t\t\t\t<img loading=\"lazy\" decoding=\"async\" width=\"600\" height=\"149\" src=\"https:\/\/lasomotorsport.cz\/wp-content\/uploads\/2026\/01\/00-hadrava2000x.jpg\" class=\"attachment-full size-full\" alt=\"\" srcset=\"https:\/\/lasomotorsport.cz\/wp-content\/uploads\/2026\/01\/00-hadrava2000x.jpg 600w, https:\/\/lasomotorsport.cz\/wp-content\/uploads\/2026\/01\/00-hadrava2000x-300x75.jpg 300w\" sizes=\"(max-width: 600px) 100vw, 600px\" \/>\n\t\t\t<\/div><\/figure><figure class='gallery-item'>\n\t\t\t<div class='gallery-icon landscape'>\n\t\t\t\t<img loading=\"lazy\" decoding=\"async\" width=\"600\" height=\"297\" src=\"https:\/\/lasomotorsport.cz\/wp-content\/uploads\/2026\/01\/00-lhmont-022000x.jpg\" class=\"attachment-full size-full\" alt=\"\" srcset=\"https:\/\/lasomotorsport.cz\/wp-content\/uploads\/2026\/01\/00-lhmont-022000x.jpg 600w, https:\/\/lasomotorsport.cz\/wp-content\/uploads\/2026\/01\/00-lhmont-022000x-300x149.jpg 300w\" sizes=\"(max-width: 600px) 100vw, 600px\" \/>\n\t\t\t<\/div><\/figure><figure class='gallery-item'>\n\t\t\t<div class='gallery-icon landscape'>\n\t\t\t\t<img loading=\"lazy\" decoding=\"async\" width=\"600\" height=\"253\" src=\"https:\/\/lasomotorsport.cz\/wp-content\/uploads\/2026\/01\/cerpaci-stanice-knl.jpg\" class=\"attachment-full size-full\" alt=\"\" srcset=\"https:\/\/lasomotorsport.cz\/wp-content\/uploads\/2026\/01\/cerpaci-stanice-knl.jpg 600w, https:\/\/lasomotorsport.cz\/wp-content\/uploads\/2026\/01\/cerpaci-stanice-knl-300x127.jpg 300w\" sizes=\"(max-width: 600px) 100vw, 600px\" \/>\n\t\t\t<\/div><\/figure><figure class='gallery-item'>\n\t\t\t<div class='gallery-icon landscape'>\n\t\t\t\t<img loading=\"lazy\" decoding=\"async\" width=\"600\" height=\"217\" src=\"https:\/\/lasomotorsport.cz\/wp-content\/uploads\/2026\/01\/kalich.jpg\" class=\"attachment-full size-full\" alt=\"\" srcset=\"https:\/\/lasomotorsport.cz\/wp-content\/uploads\/2026\/01\/kalich.jpg 600w, https:\/\/lasomotorsport.cz\/wp-content\/uploads\/2026\/01\/kalich-300x109.jpg 300w\" sizes=\"(max-width: 600px) 100vw, 600px\" \/>\n\t\t\t<\/div><\/figure><figure class='gallery-item'>\n\t\t\t<div class='gallery-icon landscape'>\n\t\t\t\t<img loading=\"lazy\" decoding=\"async\" width=\"600\" height=\"186\" src=\"https:\/\/lasomotorsport.cz\/wp-content\/uploads\/2026\/01\/00-kovomat-022000x.jpg\" class=\"attachment-full size-full\" alt=\"\" srcset=\"https:\/\/lasomotorsport.cz\/wp-content\/uploads\/2026\/01\/00-kovomat-022000x.jpg 600w, https:\/\/lasomotorsport.cz\/wp-content\/uploads\/2026\/01\/00-kovomat-022000x-300x93.jpg 300w\" sizes=\"(max-width: 600px) 100vw, 600px\" \/>\n\t\t\t<\/div><\/figure><figure class='gallery-item'>\n\t\t\t<div class='gallery-icon landscape'>\n\t\t\t\t<img loading=\"lazy\" decoding=\"async\" width=\"600\" height=\"137\" src=\"https:\/\/lasomotorsport.cz\/wp-content\/uploads\/2026\/01\/00-spojovaci2000x.jpg\" class=\"attachment-full size-full\" alt=\"\" srcset=\"https:\/\/lasomotorsport.cz\/wp-content\/uploads\/2026\/01\/00-spojovaci2000x.jpg 600w, https:\/\/lasomotorsport.cz\/wp-content\/uploads\/2026\/01\/00-spojovaci2000x-300x69.jpg 300w\" sizes=\"(max-width: 600px) 100vw, 600px\" \/>\n\t\t\t<\/div><\/figure><figure class='gallery-item'>\n\t\t\t<div class='gallery-icon landscape'>\n\t\t\t\t<img loading=\"lazy\" decoding=\"async\" width=\"600\" height=\"81\" src=\"https:\/\/lasomotorsport.cz\/wp-content\/uploads\/2026\/01\/00-nemecek2000x.jpg\" class=\"attachment-full size-full\" alt=\"\" srcset=\"https:\/\/lasomotorsport.cz\/wp-content\/uploads\/2026\/01\/00-nemecek2000x.jpg 600w, https:\/\/lasomotorsport.cz\/wp-content\/uploads\/2026\/01\/00-nemecek2000x-300x41.jpg 300w\" sizes=\"(max-width: 600px) 100vw, 600px\" \/>\n\t\t\t<\/div><\/figure><figure class='gallery-item'>\n\t\t\t<div class='gallery-icon landscape'>\n\t\t\t\t<img loading=\"lazy\" decoding=\"async\" width=\"600\" height=\"205\" src=\"https:\/\/lasomotorsport.cz\/wp-content\/uploads\/2026\/01\/00-jun2000x.jpg\" class=\"attachment-full size-full\" alt=\"\" srcset=\"https:\/\/lasomotorsport.cz\/wp-content\/uploads\/2026\/01\/00-jun2000x.jpg 600w, https:\/\/lasomotorsport.cz\/wp-content\/uploads\/2026\/01\/00-jun2000x-300x103.jpg 300w\" sizes=\"(max-width: 600px) 100vw, 600px\" \/>\n\t\t\t<\/div><\/figure>\n\t\t<\/div>\n\t\t<\/div>\n\t\t\t\t\t\t<\/div>\n\t\t\t\t<\/div>\n\t\t\t\t<\/div>\n\t\t\t\t<\/div>\n\t\t\t\t\t<\/div>\n\t\t\t\t<\/div>\n\t\t\t\t<\/div>\n\t\t","protected":false},"excerpt":{"rendered":"<p>Autoservis | Pneuservis | \u010ci\u0161t\u011bn\u00ed interi\u00e9ru vozidel P\u016fj\u010dovna dod\u00e1vek | Autodoprava | Zemn\u00ed pr\u00e1ce \u00dapravy z\u00e1vodn\u00edch voz\u016f a chiptuning | Reklamn\u00ed a celoplo\u0161n\u00e9 polepy vozidel V\u00fdsledky zimn\u00ed hobby rallye 2026 24. 1. 2026 Dal\u0161\u00ed kolo z\u00e1vod\u016f bude v p\u0159\u00edpad\u011b p\u0159\u00edzniv\u00fdch podm\u00ednek ozn\u00e1meno. V sobotu 31. 1. 2026 se z\u00e1vod nekon\u00e1. Zobrazit v\u00fdsledky Sledovat na facebooku [&hellip;]<\/p>\n","protected":false},"author":1,"featured_media":0,"parent":0,"menu_order":0,"comment_status":"closed","ping_status":"closed","template":"elementor_canvas","meta":{"footnotes":""},"class_list":["post-32","page","type-page","status-publish","hentry"],"_links":{"self":[{"href":"https:\/\/lasomotorsport.cz\/index.php\/wp-json\/wp\/v2\/pages\/32","targetHints":{"allow":["GET"]}}],"collection":[{"href":"https:\/\/lasomotorsport.cz\/index.php\/wp-json\/wp\/v2\/pages"}],"about":[{"href":"https:\/\/lasomotorsport.cz\/index.php\/wp-json\/wp\/v2\/types\/page"}],"author":[{"embeddable":true,"href":"https:\/\/lasomotorsport.cz\/index.php\/wp-json\/wp\/v2\/users\/1"}],"replies":[{"embeddable":true,"href":"https:\/\/lasomotorsport.cz\/index.php\/wp-json\/wp\/v2\/comments?post=32"}],"version-history":[{"count":73,"href":"https:\/\/lasomotorsport.cz\/index.php\/wp-json\/wp\/v2\/pages\/32\/revisions"}],"predecessor-version":[{"id":134,"href":"https:\/\/lasomotorsport.cz\/index.php\/wp-json\/wp\/v2\/pages\/32\/revisions\/134"}],"wp:attachment":[{"href":"https:\/\/lasomotorsport.cz\/index.php\/wp-json\/wp\/v2\/media?parent=32"}],"curies":[{"name":"wp","href":"https:\/\/api.w.org\/{rel}","templated":true}]}}